{"id":1175,"date":"2019-12-26T16:15:46","date_gmt":"2019-12-26T16:15:46","guid":{"rendered":"http:\/\/gemeindebuechereikastl.de\/?page_id=1175"},"modified":"2024-08-24T15:05:12","modified_gmt":"2024-08-24T15:05:12","slug":"unser-angebot","status":"publish","type":"page","link":"https:\/\/gemeindebuechereikastl.de\/?page_id=1175","title":{"rendered":"Unser Angebot"},"content":{"rendered":"<h2 style=\"text-align: center;\"><span style=\"color: #000000;\"><em>Wir bieten allen interessierten Leserinnen und Lesern ein vielf\u00e4ltiges, interessantes und aktuelles Angebot von ca. 10.000 B\u00fcchern und Medien in unseren R\u00e4umen an!<\/em><\/span><\/h2>\n<h2><span style=\"font-family: 'Times New Roman',serif;\"><span style=\"color: #000000;\"><span style=\"color: #ffcc00;\"><img loading=\"lazy\" decoding=\"async\" class=\"wp-image-1182 alignright\" src=\"https:\/\/gemeindebuechereikastl.de\/wp-content\/uploads\/2019\/12\/buecherstapel.jpg\" alt=\"\" width=\"220\" height=\"427\" \/><\/span><u>B\u00dcCHER:<!-- x-tinymce\/html --><\/u><\/span><\/span><\/h2>\n<h4><span style=\"color: #ffcc00;\">Bilderb\u00fccher <\/span>f\u00fcr die Kleinsten ab 2 Jahren<\/h4>\n<h4><span style=\"color: #ffcc00;\"><strong>Erstleseb\u00fccher<\/strong><\/span> f\u00fcr Erstleser\u00a0und Kinder im Vorschulalter<\/h4>\n<h4><strong><span style=\"color: #ffcc00;\">Vorleseb\u00fccher<\/span> mit Unterhaltsamen und humorvollen Geschichten<\/strong><\/h4>\n<h4><span style=\"color: #ffcc00;\">Tiptoi B\u00fccher<\/span> mit Tiptoi die Welt spielerisch entdecken<\/h4>\n<h4><span style=\"color: #ffcc00;\"><strong>Kinderb\u00fccher<\/strong><\/span> <span style=\"color: #ffcc00;\">bis 11 Jahren<\/span> mit Geschichten f\u00fcr Jungs und M\u00e4dchen (Abenteuer-, Fantasy-, Pferde\u2013, Schul-, Ferien-, Detektivgeschichten usw.)<\/h4>\n<h4><span style=\"color: #ffcc00;\"><strong>Mangas bis 11 Jahre <\/strong><\/span><b>Japanische Comics mit den Rubriken &#8211; Sci-Fi, Fantasy, Comedy oder Alltagsgeschichten<\/b><\/h4>\n<h4><span style=\"color: #ffcc00;\"><strong>Spezielle Sachb\u00fccher f\u00fcr Kinder<\/strong><\/span> (Natur, Technik, Geschichte, Gott und die Welt, Alltag, Sport usw.)<\/h4>\n<h4><span style=\"color: #99cc00;\"><strong>Literatur f\u00fcr die Jugend <span style=\"color: #000000;\">spannende B\u00fccher\u00a0f\u00fcr Teenager<br \/>\nab 12 Jahren\u00a0<\/span><\/strong><\/span><\/h4>\n<h4><strong><span style=\"color: #99cc00;\">Mangas ab 12 Jahre<\/span> <\/strong><b>Japanische Comics mit den Rubriken &#8211; Sci-Fi, Fantasy, Comedy oder Alltagsgeschichten<\/b><\/h4>\n<h4><span style=\"color: #99cc00;\">Unterhaltungsliteratur f\u00fcr Erwachsene <\/span>(Romane &amp; Erz\u00e4hlungen, Krimis &amp; Thriller, Frauen-, Liebes-, Heimatromane, Historische Romane,\u00a0 Fantasy, usw.)<\/h4>\n<h4><span style=\"color: #00ccff;\"><span style=\"color: #00ccff;\"><span style=\"color: #99cc00;\"><img loading=\"lazy\" decoding=\"async\" class=\"wp-image-1180 alignleft\" src=\"https:\/\/gemeindebuechereikastl.de\/wp-content\/uploads\/2019\/12\/Marabu.jpg\" alt=\"\" width=\"212\" height=\"392\" srcset=\"https:\/\/gemeindebuechereikastl.de\/wp-content\/uploads\/2019\/12\/Marabu.jpg 285w, https:\/\/gemeindebuechereikastl.de\/wp-content\/uploads\/2019\/12\/Marabu-162x300.jpg 162w\" sizes=\"auto, (max-width: 212px) 100vw, 212px\" \/><\/span><\/span>Sachliteratur\u00a0f\u00fcr Erwachsene<\/span> (Biografien, Garten, Kochen, Reisen, Heimat, Religion, Familie, Gesundheit,\u00a0\u00a0usw.)<\/h4>\n<h4><\/h4>\n<h2><strong><u>WEITERE MEDIEN:<\/u><\/strong><\/h2>\n<h4><span style=\"color: #ff9900;\"><strong>DVDs<\/strong><\/span> (Kinderfilme und Spielfilme)<\/h4>\n<h4><span style=\"color: #ff9900;\">Spiele<\/span> f\u00fcr Kinder und\u00a0die ganze Familie<\/h4>\n<h4><span style=\"color: #99cc00;\">24 Zeitschriften Abos<\/span> aus verschiedenen Bereichen<\/h4>\n<h4><span style=\"color: #ff9900;\"><strong>H\u00f6rb\u00fccher<\/strong><\/span> f\u00fcr Kinder und Erwachsene<\/h4>\n<h4><span style=\"color: #ff9900;\"><strong>Tonies<\/strong> <\/span>das neue Audio-System f\u00fcr Kinder<\/h4>\n<p>&nbsp;<\/p>\n<h4 style=\"text-align: center;\"><span style=\"color: #ff0000;\"><span style=\"color: #000000;\"><span style=\"color: #ff0000;\"><span style=\"color: #000000;\"><img loading=\"lazy\" decoding=\"async\" class=\"wp-image-77 alignright\" src=\"https:\/\/gemeindebuechereikastl.de\/wp-content\/uploads\/2018\/01\/Leo-nord.jpg\" alt=\"\" width=\"217\" height=\"216\" srcset=\"https:\/\/gemeindebuechereikastl.de\/wp-content\/uploads\/2018\/01\/Leo-nord.jpg 230w, https:\/\/gemeindebuechereikastl.de\/wp-content\/uploads\/2018\/01\/Leo-nord-150x150.jpg 150w, https:\/\/gemeindebuechereikastl.de\/wp-content\/uploads\/2018\/01\/Leo-nord-60x60.jpg 60w\" sizes=\"auto, (max-width: 217px) 100vw, 217px\" \/><\/span><\/span><\/span><\/span><\/h4>\n<h2><u>E-BOOKS:<\/u><\/h2>\n<h4 style=\"text-align: left;\"><span style=\"color: #ff0000;\"><span style=\"color: #000000;\">Neben den B\u00fcchern und Medien in der Gemeindeb\u00fccherei Kastl selbst, gibt es zus\u00e4tzlich f\u00fcr alle Leser kostenlos <span style=\"color: #ff0000;\">&#8222;ONLINE&#8220;<\/span> nochmals \u00fcber 30.000 E-Medien<br \/>\n<\/span><\/span><\/h4>\n<h4 style=\"text-align: left;\"><span style=\"color: #800000;\"><span style=\"color: #ff0000;\">* ca. 30.000 E-Books<br \/>\n* <\/span><\/span><span style=\"color: #800000;\"><span style=\"color: #ff0000;\">ca. 4.200 E-Audios (H\u00f6rb\u00fccher) <\/span><span style=\"color: #ff0000;\">und<br \/>\n* 102 E-Magazine (<\/span><\/span><span style=\"color: #ff0000;\">Zeitschriften Abos)<\/span><\/h4>\n<h4 style=\"text-align: left;\"><span style=\"color: #800000;\"><span style=\"color: #000000;\">unter <\/span><\/span><span style=\"color: #ff0000;\"><strong><u><a style=\"color: #ff0000;\" href=\"https:\/\/leo-nord.onleihe.de\/\">www.leo-nord.de\u00a0 <\/a><\/u><\/strong><\/span><span style=\"color: #800000;\"><span style=\"color: #000000;\">zum Entleihen bzw. zum Herunterladen\u00a0<\/span> <\/span><\/h4>\n<h3 style=\"text-align: left;\">_ _ _ _ _ _ _ _ _ _ _ _ _ _ _ _ _ _ __ _ _ _ _ _ _ _ _ _ _ _ _ _ _<\/h3>\n<h4 style=\"text-align: center;\"><span style=\"color: #000000;\">Einen \u00dcberblick \u00fcber das gesamte Angebot an B\u00fcchern und Medien der Gemeindeb\u00fccherei Kastl und LEO-NORD sowie n\u00e4here Infos dazu, finden Sie hier auf der Homepage im<\/span><\/h4>\n<h2 style=\"text-align: center;\"><span style=\"color: #3366ff;\"><strong><u><a style=\"color: #3366ff;\" href=\"https:\/\/iopac.gemeindebuechereikastl.de\/iopac\/\">ONLINE-KATALOG<\/a><\/u><\/strong><\/span><\/h2>\n","protected":false},"excerpt":{"rendered":"<p>Wir bieten allen interessierten Leserinnen und Lesern ein vielf\u00e4ltiges, interessantes und aktuelles Angebot von ca. 10.000 B\u00fcchern und Medien in unseren R\u00e4umen an! B\u00dcCHER: Bilderb\u00fccher f\u00fcr die Kleinsten ab 2 Jahren Erstleseb\u00fccher f\u00fcr Erstleser\u00a0und Kinder im Vorschulalter Vorleseb\u00fccher mit Unterhaltsamen und humorvollen Geschichten Tiptoi B\u00fccher mit Tiptoi die Welt spielerisch entdecken Kinderb\u00fccher bis 11 Jahren &hellip; <\/p>\n<p><a class=\"more-link btn\" href=\"https:\/\/gemeindebuechereikastl.de\/?page_id=1175\">Weiterlesen<\/a><\/p>\n","protected":false},"author":1,"featured_media":0,"parent":0,"menu_order":0,"comment_status":"closed","ping_status":"closed","template":"template-onecolumn.php","meta":{"footnotes":""},"class_list":["post-1175","page","type-page","status-publish","hentry","nodate","item-wrap"],"_links":{"self":[{"href":"https:\/\/gemeindebuechereikastl.de\/index.php?rest_route=\/wp\/v2\/pages\/1175","targetHints":{"allow":["GET"]}}],"collection":[{"href":"https:\/\/gemeindebuechereikastl.de\/index.php?rest_route=\/wp\/v2\/pages"}],"about":[{"href":"https:\/\/gemeindebuechereikastl.de\/index.php?rest_route=\/wp\/v2\/types\/page"}],"author":[{"embeddable":true,"href":"https:\/\/gemeindebuechereikastl.de\/index.php?rest_route=\/wp\/v2\/users\/1"}],"replies":[{"embeddable":true,"href":"https:\/\/gemeindebuechereikastl.de\/index.php?rest_route=%2Fwp%2Fv2%2Fcomments&post=1175"}],"version-history":[{"count":24,"href":"https:\/\/gemeindebuechereikastl.de\/index.php?rest_route=\/wp\/v2\/pages\/1175\/revisions"}],"predecessor-version":[{"id":5007,"href":"https:\/\/gemeindebuechereikastl.de\/index.php?rest_route=\/wp\/v2\/pages\/1175\/revisions\/5007"}],"wp:attachment":[{"href":"https:\/\/gemeindebuechereikastl.de\/index.php?rest_route=%2Fwp%2Fv2%2Fmedia&parent=1175"}],"curies":[{"name":"wp","href":"https:\/\/api.w.org\/{rel}","templated":true}]}}