{"id":149,"date":"2018-01-06T10:46:19","date_gmt":"2018-01-06T10:46:19","guid":{"rendered":"http:\/\/gemeindebuechereikastl.de\/?page_id=149"},"modified":"2025-01-09T11:01:39","modified_gmt":"2025-01-09T11:01:39","slug":"gebuehren-2","status":"publish","type":"page","link":"https:\/\/gemeindebuechereikastl.de\/?page_id=149","title":{"rendered":"Anmeldung + Infos"},"content":{"rendered":"<p>Hier k\u00f6nnen Sie das &#8222;<strong>Anmeldeformular\u00a0 \/ Erkl\u00e4rung zur Benutzungsordnung der Gemeindeb\u00fccherei Kastl\u00a0&#8222;<\/strong> herunterladen, zu Hause ausdrucken, ausf\u00fcllen und zu Ihrem ersten Besuch in die B\u00fccherei mitbringen.<\/p>\n<h2><strong><a href=\"https:\/\/gemeindebuechereikastl.de\/wp-content\/uploads\/2018\/08\/Anmeldeformular-Leser-.pdf\">Anmeldeformular Leser<\/a><\/strong><\/h2>\n<p>&#8212;&#8212;&#8212;&#8212;&#8212;&#8212;&#8212;&#8212;&#8212;&#8212;&#8212;&#8212;&#8212;&#8212;&#8212;&#8212;&#8212;&#8212;&#8212;&#8212;&#8212;&#8212;&#8212;&#8212;&#8212;&#8212;<\/p>\n<h3><span style=\"color: #ff9900;\"><strong>Jahresgeb\u00fchren (ab 1.1.2025)<\/strong><\/span><\/h3>\n<ul>\n<li>6,00 \u20ac Kinder u. Jugendliche bis 18 Jahre<\/li>\n<li>17,00 \u20ac Erwachsene (ab 18 Jahren)<\/li>\n<li>20,00 \u20ac Familie + Ehepartner(ab 2 Leser)<\/li>\n<li>10,00 \u20ac Einmalige Schutzgeb\u00fchr f\u00fcr Ferieng\u00e4ste (R\u00fcckerstattung nach R\u00fcckgabe der Medien)<\/li>\n<\/ul>\n<h3><span style=\"color: #ff9900;\"><strong>Mahngeb\u00fchren (ab 1.1.2025)<\/strong><\/span><\/h3>\n<ul>\n<li>0,20 \u20ac Nachzahlgeb\u00fchr pro Buch und \u00fcberzogenen \u00d6ffnungstag<\/li>\n<li>0,20 \u20ac Nachzahlgeb\u00fchr pro H\u00f6rb\u00fccher, Tonies, Spiele und Zeitschriften und \u00fcberzogenen \u00d6ffnungstag<\/li>\n<li>0,20 \u20ac Nachzahlgeb\u00fchr f\u00fcr DVDs pro Film und \u00fcberzogenen \u00d6ffnungstag<\/li>\n<\/ul>\n<h3><span style=\"color: #ff9900;\"><strong>R\u00fcckgabefristen<\/strong><\/span><\/h3>\n<ul>\n<li>4 \u00a0Wochen &#8211; <strong>B\u00fccher<\/strong> (2x Verl\u00e4ngerung m\u00f6glich)<\/li>\n<li>3\u00a0 Wochen &#8211; <strong>H\u00f6rb\u00fccher und Spiele<\/strong>\u00a0\u00a0(2x Verl\u00e4ngerung m\u00f6glich)<\/li>\n<li>2\u00a0 Wochen &#8211;\u00a0<strong>Zeitschriften<\/strong> (1x Verl\u00e4ngerung m\u00f6glich)<\/li>\n<li>2 Wochen &#8211; <strong>Tonies (<\/strong>1x Verl\u00e4ngerung m\u00f6glich<strong>)<\/strong><\/li>\n<li>1\u00a0 Woche\u00a0 &#8211; <strong>DVDs<\/strong> \u00a0(1x Verl\u00e4ngerung m\u00f6glich)<\/li>\n<\/ul>\n<p>&#8212;&#8212;&#8212;&#8212;&#8212;&#8212;&#8212;&#8212;&#8212;&#8212;&#8212;&#8212;&#8212;&#8212;&#8212;&#8212;&#8212;&#8212;&#8212;&#8212;&#8212;&#8212;&#8212;&#8212;&#8212;&#8212;&#8212;&#8212;&#8212;-<\/p>\n<h3><span style=\"color: #ff9900;\"><strong>Ausf\u00fchrliche Benutzerordnung und Datenschutzerkl\u00e4rung<\/strong><\/span><\/h3>\n<ul>\n<li>\n<h4><a href=\"https:\/\/gemeindebuechereikastl.de\/wp-content\/uploads\/2018\/08\/Benutzungsordnung-2018.pdf\">Benutzungsordnung der Gemeindeb\u00fccherei Kastl<\/a><\/h4>\n<\/li>\n<li>\n<h4><a href=\"https:\/\/gemeindebuechereikastl.de\/wp-content\/uploads\/2018\/08\/Datenschutzerkl\u00e4rung-2018.pdf\">Datenschutzerkl\u00e4rung der Gemeindeb\u00fccherei Kastl<\/a><\/h4>\n<\/li>\n<li>\n<h4><a href=\"https:\/\/gemeindebuechereikastl.de\/wp-content\/uploads\/2025\/01\/Gebuehrenordnung-2025.pdf\">Geb\u00fchrenordnung der Gemeindeb\u00fccherei Kastl<\/a><\/h4>\n<\/li>\n<\/ul>\n<p>&nbsp;<\/p>\n","protected":false},"excerpt":{"rendered":"<p>Hier k\u00f6nnen Sie das &#8222;Anmeldeformular\u00a0 \/ Erkl\u00e4rung zur Benutzungsordnung der Gemeindeb\u00fccherei Kastl\u00a0&#8222; herunterladen, zu Hause ausdrucken, ausf\u00fcllen und zu Ihrem ersten Besuch in die B\u00fccherei mitbringen. Anmeldeformular Leser &#8212;&#8212;&#8212;&#8212;&#8212;&#8212;&#8212;&#8212;&#8212;&#8212;&#8212;&#8212;&#8212;&#8212;&#8212;&#8212;&#8212;&#8212;&#8212;&#8212;&#8212;&#8212;&#8212;&#8212;&#8212;&#8212; Jahresgeb\u00fchren (ab 1.1.2025) 6,00 \u20ac Kinder u. Jugendliche bis 18 Jahre 17,00 \u20ac Erwachsene (ab 18 Jahren) 20,00 \u20ac Familie + Ehepartner(ab 2 Leser) 10,00 \u20ac &hellip; <\/p>\n<p><a class=\"more-link btn\" href=\"https:\/\/gemeindebuechereikastl.de\/?page_id=149\">Weiterlesen<\/a><\/p>\n","protected":false},"author":3,"featured_media":0,"parent":0,"menu_order":0,"comment_status":"closed","ping_status":"closed","template":"","meta":{"footnotes":""},"class_list":["post-149","page","type-page","status-publish","hentry","nodate","item-wrap"],"_links":{"self":[{"href":"https:\/\/gemeindebuechereikastl.de\/index.php?rest_route=\/wp\/v2\/pages\/149","targetHints":{"allow":["GET"]}}],"collection":[{"href":"https:\/\/gemeindebuechereikastl.de\/index.php?rest_route=\/wp\/v2\/pages"}],"about":[{"href":"https:\/\/gemeindebuechereikastl.de\/index.php?rest_route=\/wp\/v2\/types\/page"}],"author":[{"embeddable":true,"href":"https:\/\/gemeindebuechereikastl.de\/index.php?rest_route=\/wp\/v2\/users\/3"}],"replies":[{"embeddable":true,"href":"https:\/\/gemeindebuechereikastl.de\/index.php?rest_route=%2Fwp%2Fv2%2Fcomments&post=149"}],"version-history":[{"count":22,"href":"https:\/\/gemeindebuechereikastl.de\/index.php?rest_route=\/wp\/v2\/pages\/149\/revisions"}],"predecessor-version":[{"id":5408,"href":"https:\/\/gemeindebuechereikastl.de\/index.php?rest_route=\/wp\/v2\/pages\/149\/revisions\/5408"}],"wp:attachment":[{"href":"https:\/\/gemeindebuechereikastl.de\/index.php?rest_route=%2Fwp%2Fv2%2Fmedia&parent=149"}],"curies":[{"name":"wp","href":"https:\/\/api.w.org\/{rel}","templated":true}]}}