{"id":76,"date":"2018-01-04T15:47:30","date_gmt":"2018-01-04T15:47:30","guid":{"rendered":"http:\/\/gemeindebuechereikastl.de\/?page_id=76"},"modified":"2025-04-29T11:23:50","modified_gmt":"2025-04-29T11:23:50","slug":"leo-nord","status":"publish","type":"page","link":"https:\/\/gemeindebuechereikastl.de\/?page_id=76","title":{"rendered":"Leo-Nord (E-Books)"},"content":{"rendered":"<p><a href=\"https:\/\/leo-nord.onleihe.de\/\" target=\"_blank\" rel=\"noopener noreferrer\"><img loading=\"lazy\" decoding=\"async\" class=\"size-full wp-image-77 alignleft\" src=\"https:\/\/gemeindebuechereikastl.de\/wp-content\/uploads\/2018\/01\/Leo-nord.jpg\" alt=\"\" width=\"230\" height=\"228\" srcset=\"https:\/\/gemeindebuechereikastl.de\/wp-content\/uploads\/2018\/01\/Leo-nord.jpg 230w, https:\/\/gemeindebuechereikastl.de\/wp-content\/uploads\/2018\/01\/Leo-nord-150x150.jpg 150w, https:\/\/gemeindebuechereikastl.de\/wp-content\/uploads\/2018\/01\/Leo-nord-60x60.jpg 60w\" sizes=\"auto, (max-width: 230px) 100vw, 230px\" \/><\/a><\/p>\n<h3 style=\"text-align: center;\"><a href=\"https:\/\/leo-nord.onleihe.de\/\" target=\"_blank\" rel=\"noopener noreferrer\">Klicken Sie hier oder auf das<br \/>\nSymbol und Sie werden auf<br \/>\nLEO-NORD<br \/>\nweitergeleitet<\/a><\/h3>\n<p><span class=\"confluence-embedded-file-wrapper confluence-embedded-manual-size\">\u00a0<\/span><\/p>\n<div class=\"columnLayout three-equal\" data-layout=\"three-equal\">\n<div class=\"cell normal\" data-type=\"normal\">\n<div><\/div>\n<div><\/div>\n<div class=\"innerCell\"><span class=\"confluence-link\"><strong>So einfach funktioniert die Onleihe<\/strong><\/span><\/div>\n<\/div>\n<\/div>\n<div class=\"columnLayout three-equal\" data-layout=\"three-equal\">\n<div class=\"cell normal\" data-type=\"normal\">\n<div>\n<p>Die Gemeindeb\u00fccherei Kastl ist dem Onleihe-Verbund\u00a0 <strong><a class=\"external-link-new-window\" title=\"Opens internal link in current window\" href=\"https:\/\/leo-nord.onleihe.de\" target=\"_blank\" rel=\"noopener noreferrer\">LEO-NORD<\/a> <\/strong>angeschlossen. Wir bieten f\u00fcr alle Leserinnen und Leser einen kostenfreien Zugriff auf zahlreiche eMedien an.<\/p>\n<p>Mit Ihrer Lesernummer und Ihrem Geburtsdatum als Passwort k\u00f6nnen Sie sich bei Leo Nord f\u00fcr die Ausleihe anmelden. Einzige Bedingung ist ein aktives Leserkonto bei der Gemeindeb\u00fccherei Kastl.<\/p>\n<p><b>Benutzername: <span style=\"color: #ff0000;\">Lesernummer<\/span><br \/>\nPasswort: <span style=\"color: #ff0000;\">Geburtsdatum (TT.MM.JJJJ<\/span>)<\/b><\/p>\n<\/div>\n<\/div>\n<\/div>\n<div class=\"columnLayout single\" data-layout=\"single\">\n<div class=\"cell normal\" data-type=\"normal\">\n<div class=\"innerCell\">\n<ul>\n<li>Ein Titel kann immer nur von einem Nutzer oder einer Nutzerin gleichzeitig ausgeliehen werden.<\/li>\n<li>Ein bereits entliehenes eMedium k\u00f6nnen Sie vormerken.<strong>&#8230; genau wie in Ihrer Bibliothek, nur digital!<\/strong><\/li>\n<\/ul>\n<\/div>\n<\/div>\n<\/div>\n<p>&#8212;&#8212;&#8212;&#8212;&#8212;&#8212;&#8212;&#8212;&#8212;&#8212;&#8212;&#8212;&#8212;&#8212;&#8212;&#8212;&#8212;&#8212;&#8212;&#8212;&#8212;&#8212;&#8212;&#8212;&#8212;&#8212;&#8212;&#8212;&#8212;&#8212;&#8212;&#8212;&#8212;&#8212;&#8212;&#8212;&#8211;<\/p>\n<h1 id=\"Neuhier?-Onleihe\u2013DieOnline-AusleiheIhrerBibliothek\"><strong>Onleihe <\/strong>\u2013 Die <strong>On<\/strong>line-Aus<strong>leihe <\/strong>Ihrer Bibliothek<\/h1>\n<div class=\"columnLayout two-equal\" data-layout=\"two-equal\">\n<div class=\"cell normal\" data-type=\"normal\">\n<div class=\"innerCell\">\n<p><a href=\"https:\/\/hilfe.onleihe.de\/category\/er\" rel=\"nofollow\"><span class=\"confluence-embedded-file-wrapper confluence-embedded-manual-size\"><img loading=\"lazy\" decoding=\"async\" class=\"confluence-embedded-image confluence-thumbnail alignleft\" src=\"https:\/\/hilfe.onleihe.de\/download\/thumbnails\/3441169\/ereader.PNG?version=1&amp;modificationDate=1580133090348&amp;api=v2\" width=\"212\" height=\"227\" data-linked-resource-container-version=\"19\" data-linked-resource-container-id=\"3441169\" data-linked-resource-content-type=\"image\/png\" data-base-url=\"https:\/\/hilfe.onleihe.de\" data-linked-resource-default-alias=\"ereader.PNG\" data-linked-resource-type=\"attachment\" data-linked-resource-version=\"1\" data-linked-resource-id=\"3441172\" data-unresolved-comment-count=\"0\" data-image-src=\"\/download\/attachments\/3441169\/ereader.PNG?version=1&amp;modificationDate=1580133090348&amp;api=v2\" \/><\/span><\/a><\/p>\n<h3 id=\"Neuhier?-eReader-Onleihe\"><strong><!-- x-tinymce\/html --><span class=\"confluence-embedded-file-wrapper confluence-embedded-manual-size\"><img loading=\"lazy\" decoding=\"async\" class=\"confluence-embedded-image alignright\" src=\"https:\/\/hilfe.onleihe.de\/download\/attachments\/3441169\/Bilder%20f%C3%BCr%20Hilfeseite%2001%202022%2022.png?version=1&amp;modificationDate=1580133071768&amp;api=v2\" width=\"143\" height=\"203\" data-linked-resource-container-version=\"19\" data-linked-resource-container-id=\"3441169\" data-linked-resource-content-type=\"image\/png\" data-base-url=\"https:\/\/hilfe.onleihe.de\" data-linked-resource-default-alias=\"Bilder f\u00fcr Hilfeseite 01 2022 22.png\" data-linked-resource-type=\"attachment\" data-linked-resource-version=\"1\" data-linked-resource-id=\"3441171\" data-unresolved-comment-count=\"0\" data-image-src=\"\/download\/attachments\/3441169\/Bilder%20f%C3%BCr%20Hilfeseite%2001%202022%2022.png?version=1&amp;modificationDate=1580133071768&amp;api=v2\" \/><\/span>eReader-Onleihe<\/strong><\/h3>\n<p>Entdecken Sie mit Ihrem eReader das digitale Angebot Ihrer Bibliothek.<\/p>\n<p>St\u00f6bern, Ausleihen und Lesen von eBooks mit der f\u00fcr Bibliotheken speziell angepassten Webseite der Onleihe v\u00f6llig kostenlos. Alles, was Sie dazu ben\u00f6tigen, ist Ihre Ausweisnummer und Ihr Passwort f\u00fcr Ihre Bibliothek.<\/p>\n<p><a href=\"https:\/\/hilfe.onleihe.de\/category\/er\" rel=\"nofollow\">Erfahren Sie mehr<\/a> \u00fcber die eReader-Onleihe<\/p>\n<\/div>\n<\/div>\n<div class=\"cell normal\" data-type=\"normal\">\n<div class=\"innerCell\">\n<p><span class=\"confluence-embedded-file-wrapper confluence-embedded-manual-size\">\u00a0<\/span><\/p>\n<\/div>\n<\/div>\n<\/div>\n<div class=\"columnLayout three-equal\" data-layout=\"three-equal\">\n<div class=\"cell normal\" data-type=\"normal\">\n<div class=\"innerCell\"><span class=\"confluence-embedded-file-wrapper confluence-embedded-manual-size\"><img loading=\"lazy\" decoding=\"async\" class=\"confluence-embedded-image alignleft\" src=\"https:\/\/hilfe.onleihe.de\/download\/attachments\/3441169\/iPad-Onleihe_Ausgeliehen202020.png?version=1&amp;modificationDate=1580133184160&amp;api=v2\" width=\"221\" height=\"296\" data-linked-resource-container-version=\"19\" data-linked-resource-container-id=\"3441169\" data-linked-resource-content-type=\"image\/png\" data-base-url=\"https:\/\/hilfe.onleihe.de\" data-linked-resource-default-alias=\"iPad-Onleihe_Ausgeliehen202020.png\" data-linked-resource-type=\"attachment\" data-linked-resource-version=\"1\" data-linked-resource-id=\"3441173\" data-unresolved-comment-count=\"0\" data-image-src=\"\/download\/attachments\/3441169\/iPad-Onleihe_Ausgeliehen202020.png?version=1&amp;modificationDate=1580133184160&amp;api=v2\" \/><br \/>\n<\/span><\/div>\n<\/div>\n<\/div>\n<div class=\"columnLayout two-equal\" data-layout=\"two-equal\">\n<div class=\"cell normal\" data-type=\"normal\">\n<div class=\"innerCell\">\n<p><a href=\"https:\/\/hilfe.onleihe.de\/category\/on\" rel=\"nofollow\"><span class=\"confluence-embedded-file-wrapper confluence-embedded-manual-size\"><img decoding=\"async\" class=\"confluence-embedded-image confluence-thumbnail\" src=\"https:\/\/hilfe.onleihe.de\/download\/thumbnails\/3441169\/onleihe_App-Button_RGB_72dpi_frei.png?version=1&amp;modificationDate=1580133208788&amp;api=v2\" width=\"80\" data-linked-resource-container-version=\"19\" data-linked-resource-container-id=\"3441169\" data-linked-resource-content-type=\"image\/png\" data-base-url=\"https:\/\/hilfe.onleihe.de\" data-linked-resource-default-alias=\"onleihe_App-Button_RGB_72dpi_frei.png\" data-linked-resource-type=\"attachment\" data-linked-resource-version=\"1\" data-linked-resource-id=\"3441174\" data-unresolved-comment-count=\"0\" data-image-src=\"\/download\/attachments\/3441169\/onleihe_App-Button_RGB_72dpi_frei.png?version=1&amp;modificationDate=1580133208788&amp;api=v2\" \/><\/span><\/a><\/p>\n<h3 id=\"Neuhier?-Onleihe-App\"><strong>Onleihe-App<\/strong><\/h3>\n<p>Erweitern Sie Ihre M\u00f6glichkeiten und nutzen Sie mit der kostenlosen Onleihe-App f\u00fcr Smartphones und Tablets neben eBooks auch H\u00f6rb\u00fccher (eAudio), Musik (eMusic), Zeitschriften (eMagazines) und Zeitungen (ePaper).<\/p>\n<p><a href=\"https:\/\/hilfe.onleihe.de\/category\/on\" rel=\"nofollow\">Erfahren Sie mehr<\/a> \u00fcber die Onleihe-App<\/p>\n<p><a class=\"external-link\" href=\"https:\/\/play.google.com\/store\/apps\/details?id=de.etecture.ekz.onleihe\" target=\"_blank\" rel=\"nofollow noopener noreferrer\"><span class=\"confluence-embedded-file-wrapper confluence-embedded-manual-size\"><img decoding=\"async\" class=\"confluence-embedded-image confluence-thumbnail\" src=\"https:\/\/hilfe.onleihe.de\/download\/thumbnails\/3441169\/Button_Android_App_Google_Play_RGB_frei.png?version=1&amp;modificationDate=1580133414645&amp;api=v2\" width=\"100\" data-linked-resource-container-version=\"19\" data-linked-resource-container-id=\"3441169\" data-linked-resource-content-type=\"image\/png\" data-base-url=\"https:\/\/hilfe.onleihe.de\" data-linked-resource-default-alias=\"Button_Android_App_Google_Play_RGB_frei.png\" data-linked-resource-type=\"attachment\" data-linked-resource-version=\"1\" data-linked-resource-id=\"3441175\" data-unresolved-comment-count=\"0\" data-image-src=\"\/download\/attachments\/3441169\/Button_Android_App_Google_Play_RGB_frei.png?version=1&amp;modificationDate=1580133414645&amp;api=v2\" \/><\/span>\u00a0\u00a0\u00a0\u00a0\u00a0\u00a0\u00a0\u00a0 <\/a><a class=\"external-link\" href=\"https:\/\/apps.apple.com\/de\/app\/onleihe\/id422554835\" target=\"_blank\" rel=\"nofollow noopener noreferrer\"><span class=\"confluence-embedded-file-wrapper confluence-embedded-manual-size\"><img decoding=\"async\" class=\"confluence-embedded-image confluence-thumbnail\" src=\"https:\/\/hilfe.onleihe.de\/download\/thumbnails\/3441169\/Button_iOS_App_App_Store_RGB_frei.png?version=1&amp;modificationDate=1580133414717&amp;api=v2\" width=\"100\" data-linked-resource-container-version=\"19\" data-linked-resource-container-id=\"3441169\" data-linked-resource-content-type=\"image\/png\" data-base-url=\"https:\/\/hilfe.onleihe.de\" data-linked-resource-default-alias=\"Button_iOS_App_App_Store_RGB_frei.png\" data-linked-resource-type=\"attachment\" data-linked-resource-version=\"1\" data-linked-resource-id=\"3441176\" data-unresolved-comment-count=\"0\" data-image-src=\"\/download\/attachments\/3441169\/Button_iOS_App_App_Store_RGB_frei.png?version=1&amp;modificationDate=1580133414717&amp;api=v2\" \/><\/span><\/a><\/p>\n<p><span class=\"confluence-embedded-file-wrapper confluence-embedded-manual-size\"><img decoding=\"async\" class=\"confluence-embedded-image confluence-thumbnail\" src=\"https:\/\/hilfe.onleihe.de\/download\/thumbnails\/3441169\/qrcode_android.png?version=1&amp;modificationDate=1580133497589&amp;api=v2\" width=\"100\" data-linked-resource-container-version=\"19\" data-linked-resource-container-id=\"3441169\" data-linked-resource-content-type=\"image\/png\" data-base-url=\"https:\/\/hilfe.onleihe.de\" data-linked-resource-default-alias=\"qrcode_android.png\" data-linked-resource-type=\"attachment\" data-linked-resource-version=\"1\" data-linked-resource-id=\"3441177\" data-unresolved-comment-count=\"0\" data-image-src=\"\/download\/attachments\/3441169\/qrcode_android.png?version=1&amp;modificationDate=1580133497589&amp;api=v2\" \/><\/span>\u00a0\u00a0\u00a0\u00a0 \u00a0 \u00a0 <span class=\"confluence-embedded-file-wrapper confluence-embedded-manual-size\"><img decoding=\"async\" class=\"confluence-embedded-image confluence-thumbnail\" src=\"https:\/\/hilfe.onleihe.de\/download\/thumbnails\/3441169\/qrcode_apple.png?version=1&amp;modificationDate=1580133497730&amp;api=v2\" width=\"100\" data-linked-resource-container-version=\"19\" data-linked-resource-container-id=\"3441169\" data-linked-resource-content-type=\"image\/png\" data-base-url=\"https:\/\/hilfe.onleihe.de\" data-linked-resource-default-alias=\"qrcode_apple.png\" data-linked-resource-type=\"attachment\" data-linked-resource-version=\"1\" data-linked-resource-id=\"3441178\" data-unresolved-comment-count=\"0\" data-image-src=\"\/download\/attachments\/3441169\/qrcode_apple.png?version=1&amp;modificationDate=1580133497730&amp;api=v2\" \/><\/span><\/p>\n<\/div>\n<\/div>\n<\/div>\n<div class=\"columnLayout three-equal\" data-layout=\"three-equal\">\n<div class=\"cell normal\" data-type=\"normal\">\n<div class=\"innerCell\"><\/div>\n<\/div>\n<div class=\"cell normal\" data-type=\"normal\">\n<h3 class=\"innerCell\"><a href=\"https:\/\/hilfe.onleihe.de\/category\/oap\" rel=\"nofollow\"><span class=\"confluence-embedded-file-wrapper confluence-embedded-manual-size\"><img loading=\"lazy\" decoding=\"async\" class=\"confluence-embedded-image confluence-thumbnail alignleft\" src=\"https:\/\/hilfe.onleihe.de\/download\/thumbnails\/3441169\/iStock-506548482_300.png?version=1&amp;modificationDate=1580133625870&amp;api=v2\" width=\"317\" height=\"253\" data-linked-resource-container-version=\"19\" data-linked-resource-container-id=\"3441169\" data-linked-resource-content-type=\"image\/png\" data-base-url=\"https:\/\/hilfe.onleihe.de\" data-linked-resource-default-alias=\"iStock-506548482_300.png\" data-linked-resource-type=\"attachment\" data-linked-resource-version=\"1\" data-linked-resource-id=\"3441179\" data-unresolved-comment-count=\"0\" data-image-src=\"\/download\/attachments\/3441169\/iStock-506548482_300.png?version=1&amp;modificationDate=1580133625870&amp;api=v2\" \/><\/span><\/a><strong>Web-Onleihe<\/strong><\/h3>\n<\/div>\n<\/div>\n<div class=\"columnLayout two-equal\" data-layout=\"two-equal\">\n<div class=\"cell normal\" data-type=\"normal\">\n<div class=\"innerCell\">\n<p>Sie lesen lieber am PC? Kein Problem!<\/p>\n<p>Laden Sie Ihre eBooks, eMagazines und ePaper ganz bequem und einfach \u00fcber Ihre Onleihe-Seite auf den Computer. Zus\u00e4tzlich k\u00f6nnen Sie mit der Web-Onleihe eAudios, eMusic und eVideos direkt in Ihrem Internetbrowser streamen und an eLearning-Kursen teilnehmen.<\/p>\n<p><a href=\"https:\/\/hilfe.onleihe.de\/category\/oap\" rel=\"nofollow\">Erfahren Sie mehr<\/a> \u00fcber die Web-Onleihe<\/p>\n<\/div>\n<\/div>\n<div class=\"cell normal\" data-type=\"normal\">\n<div class=\"innerCell\">\n<p><span class=\"confluence-embedded-file-wrapper confluence-embedded-manual-size\"><img decoding=\"async\" class=\"confluence-embedded-image aligncenter\" src=\"https:\/\/hilfe.onleihe.de\/download\/attachments\/3441169\/web-onleihe.PNG?version=1&amp;modificationDate=1580133714542&amp;api=v2\" width=\"550\" data-linked-resource-container-version=\"19\" data-linked-resource-container-id=\"3441169\" data-linked-resource-content-type=\"image\/png\" data-base-url=\"https:\/\/hilfe.onleihe.de\" data-linked-resource-default-alias=\"web-onleihe.PNG\" data-linked-resource-type=\"attachment\" data-linked-resource-version=\"1\" data-linked-resource-id=\"3441180\" data-unresolved-comment-count=\"0\" data-image-src=\"\/download\/attachments\/3441169\/web-onleihe.PNG?version=1&amp;modificationDate=1580133714542&amp;api=v2\" \/><\/span><\/p>\n<\/div>\n<\/div>\n<\/div>\n<h3><span style=\"color: #ff0000;\">Die Angebote stehen allen Nutzern der Gemeindeb\u00fccherei kostenlos zur Verf\u00fcgung, die im Besitz eines g\u00fcltigen B\u00fccherausweises sind. F\u00fcr Fragen nutzen Sie bitte die <em><a style=\"color: #ff0000;\" title=\"Hilfeseite\" href=\"http:\/\/www.leo-nord.de\/leo-nord\/frontend\/content,0-0-0-101-0-0-0-0-0-0-0.html\">Hilfeseite auf Leo Nord<\/a><\/em><\/span><\/h3>\n","protected":false},"excerpt":{"rendered":"<p>Klicken Sie hier oder auf das Symbol und Sie werden auf LEO-NORD weitergeleitet \u00a0 So einfach funktioniert die Onleihe Die Gemeindeb\u00fccherei Kastl ist dem Onleihe-Verbund\u00a0 LEO-NORD angeschlossen. Wir bieten f\u00fcr alle Leserinnen und Leser einen kostenfreien Zugriff auf zahlreiche eMedien an. Mit Ihrer Lesernummer und Ihrem Geburtsdatum als Passwort k\u00f6nnen Sie sich bei Leo Nord &hellip; <\/p>\n<p><a class=\"more-link btn\" href=\"https:\/\/gemeindebuechereikastl.de\/?page_id=76\">Weiterlesen<\/a><\/p>\n","protected":false},"author":1,"featured_media":0,"parent":0,"menu_order":0,"comment_status":"closed","ping_status":"closed","template":"","meta":{"footnotes":""},"class_list":["post-76","page","type-page","status-publish","hentry","nodate","item-wrap"],"_links":{"self":[{"href":"https:\/\/gemeindebuechereikastl.de\/index.php?rest_route=\/wp\/v2\/pages\/76","targetHints":{"allow":["GET"]}}],"collection":[{"href":"https:\/\/gemeindebuechereikastl.de\/index.php?rest_route=\/wp\/v2\/pages"}],"about":[{"href":"https:\/\/gemeindebuechereikastl.de\/index.php?rest_route=\/wp\/v2\/types\/page"}],"author":[{"embeddable":true,"href":"https:\/\/gemeindebuechereikastl.de\/index.php?rest_route=\/wp\/v2\/users\/1"}],"replies":[{"embeddable":true,"href":"https:\/\/gemeindebuechereikastl.de\/index.php?rest_route=%2Fwp%2Fv2%2Fcomments&post=76"}],"version-history":[{"count":22,"href":"https:\/\/gemeindebuechereikastl.de\/index.php?rest_route=\/wp\/v2\/pages\/76\/revisions"}],"predecessor-version":[{"id":5623,"href":"https:\/\/gemeindebuechereikastl.de\/index.php?rest_route=\/wp\/v2\/pages\/76\/revisions\/5623"}],"wp:attachment":[{"href":"https:\/\/gemeindebuechereikastl.de\/index.php?rest_route=%2Fwp%2Fv2%2Fmedia&parent=76"}],"curies":[{"name":"wp","href":"https:\/\/api.w.org\/{rel}","templated":true}]}}